{"id":244,"date":"2021-05-07T20:47:01","date_gmt":"2021-05-07T18:47:01","guid":{"rendered":"https:\/\/ochranauspor.cz\/?page_id=244"},"modified":"2023-03-14T21:33:45","modified_gmt":"2023-03-14T20:33:45","slug":"kontakt","status":"publish","type":"page","link":"https:\/\/ochranauspor.cz\/?page_id=244","title":{"rendered":"Kontakt"},"content":{"rendered":"\t\t<div data-elementor-type=\"wp-page\" data-elementor-id=\"244\" class=\"elementor elementor-244\" data-elementor-settings=\"[]\">\n\t\t\t\t\t\t\t<div class=\"elementor-section-wrap\">\n\t\t\t\t\t\t\t<section class=\"elementor-section elementor-top-section elementor-element elementor-element-7b1f814 elementor-section-stretched elementor-section-boxed elementor-section-height-default elementor-section-height-default\" data-id=\"7b1f814\" data-element_type=\"section\" data-settings=\"{&quot;stretch_section&quot;:&quot;section-stretched&quot;}\">\n\t\t\t\t\t\t<div class=\"elementor-container elementor-column-gap-default\">\n\t\t\t\t\t<div class=\"elementor-column elementor-col-33 elementor-top-column elementor-element elementor-element-35c3894\" data-id=\"35c3894\" data-element_type=\"column\">\n\t\t\t<div class=\"elementor-widget-wrap\">\n\t\t\t\t\t\t\t\t\t<\/div>\n\t\t<\/div>\n\t\t\t\t<div class=\"elementor-column elementor-col-33 elementor-top-column elementor-element elementor-element-8af9176\" data-id=\"8af9176\" data-element_type=\"column\">\n\t\t\t<div class=\"elementor-widget-wrap elementor-element-populated\">\n\t\t\t\t\t\t\t\t<div class=\"elementor-element elementor-element-4176aa3 elementor-widget elementor-widget-google_maps\" data-id=\"4176aa3\" data-element_type=\"widget\" data-widget_type=\"google_maps.default\">\n\t\t\t\t<div class=\"elementor-widget-container\">\n\t\t\t<div class=\"elementor-custom-embed\"><iframe frameborder=\"0\" scrolling=\"no\" marginheight=\"0\" marginwidth=\"0\" src=\"https:\/\/maps.google.com\/maps?q=Arnoltova%20339%2C%20266%2001%C2%A0%20Beroun&amp;t=m&amp;z=14&amp;output=embed&amp;iwloc=near\" title=\"Arnoltova 339, 266 01\u00a0 Beroun\" aria-label=\"Arnoltova 339, 266 01\u00a0 Beroun\"><\/iframe><\/div>\t\t<\/div>\n\t\t\t\t<\/div>\n\t\t\t\t\t<\/div>\n\t\t<\/div>\n\t\t\t\t<div class=\"elementor-column elementor-col-33 elementor-top-column elementor-element elementor-element-7f226a1\" data-id=\"7f226a1\" data-element_type=\"column\">\n\t\t\t<div class=\"elementor-widget-wrap elementor-element-populated\">\n\t\t\t\t\t\t\t\t<div class=\"elementor-element elementor-element-64984b6 elementor-widget elementor-widget-spacer\" data-id=\"64984b6\" data-element_type=\"widget\" data-widget_type=\"spacer.default\">\n\t\t\t\t<div class=\"elementor-widget-container\">\n\t\t\t\t\t<div class=\"elementor-spacer\">\n\t\t\t<div class=\"elementor-spacer-inner\"><\/div>\n\t\t<\/div>\n\t\t\t\t<\/div>\n\t\t\t\t<\/div>\n\t\t\t\t<div class=\"elementor-element elementor-element-1153c75 elementor-widget elementor-widget-text-editor\" data-id=\"1153c75\" data-element_type=\"widget\" data-widget_type=\"text-editor.default\">\n\t\t\t\t<div class=\"elementor-widget-container\">\n\t\t\t\t\t\t\t\t<p>Arnoltova 339, <br \/>266 01\u00a0 Beroun<br \/>(u zast\u00e1vky \u201ePlze\u0148ka\u201c v Beroun\u011b)<br \/>I\u010c: 153 71 247<br \/>tel: 737 059 707<br \/><a href=\"mailto:mares@ochranauspor.cz\">mares@mapor.cz<\/a><\/p>\t\t\t\t\t\t<\/div>\n\t\t\t\t<\/div>\n\t\t\t\t\t<\/div>\n\t\t<\/div>\n\t\t\t\t\t\t\t<\/div>\n\t\t<\/section>\n\t\t\t\t<section class=\"elementor-section elementor-top-section elementor-element elementor-element-0314075 elementor-section-stretched elementor-section-boxed elementor-section-height-default elementor-section-height-default\" data-id=\"0314075\" data-element_type=\"section\" data-settings=\"{&quot;stretch_section&quot;:&quot;section-stretched&quot;}\">\n\t\t\t\t\t\t<div class=\"elementor-container elementor-column-gap-default\">\n\t\t\t\t\t<div class=\"elementor-column elementor-col-100 elementor-top-column elementor-element elementor-element-1363604\" data-id=\"1363604\" data-element_type=\"column\">\n\t\t\t<div class=\"elementor-widget-wrap elementor-element-populated\">\n\t\t\t\t\t\t\t\t<div class=\"elementor-element elementor-element-1d8c105 elementor-widget elementor-widget-heading\" data-id=\"1d8c105\" data-element_type=\"widget\" data-widget_type=\"heading.default\">\n\t\t\t\t<div class=\"elementor-widget-container\">\n\t\t\t<h6 class=\"elementor-heading-title elementor-size-default\">M\u016fj p\u0159\u00edb\u011bh<\/h6>\t\t<\/div>\n\t\t\t\t<\/div>\n\t\t\t\t<div class=\"elementor-element elementor-element-170dda4 elementor-widget elementor-widget-text-editor\" data-id=\"170dda4\" data-element_type=\"widget\" data-widget_type=\"text-editor.default\">\n\t\t\t\t<div class=\"elementor-widget-container\">\n\t\t\t\t\t\t\t\t<p style=\"text-align: left;\">Po studi\u00edch jsem nastoupil ve spo\u0159iteln\u011b (resp. \u010cesk\u00e9 st\u00e1tn\u00ed spo\u0159iteln\u011b).\u00a0 M\u011bl jsem to \u0161t\u011bst\u00ed, \u017ee jsem nastoupil na okresn\u00ed pobo\u010dku a doch\u00e1zelo k zav\u00e1d\u011bn\u00ed nov\u00fdch slu\u017eeb, kter\u00e9 byly pro spo\u0159itelnu tehdy nov\u00e9. Postupn\u011b jsem pro\u0161el v\u0161emi odd\u011blen\u00edmi (vklad\u016f, p\u016fj\u010dek a \u00fav\u011br\u016f), abych n\u00e1sledn\u011b byl pov\u011b\u0159en zaveden\u00edm a n\u00e1sledn\u011b \u0159\u00edzen\u00edm nov\u00fdch odd\u011blen\u00ed cenn\u00fdch pap\u00edr\u016f a privatiza\u010dn\u00edch fond\u016f, sm\u011bn\u00e1rny a devizov\u00fdch \u00fa\u010dt\u016f. Skv\u011bl\u00e1 profesn\u00ed \u0161kola a velk\u00e1 v\u00fdzva. N\u00e1sledn\u011b jsem se propracoval a\u017e na centr\u00e1lu, kde jsem se dlouhodob\u011b zab\u00fdval v\u00fdvojem a zav\u00e1d\u011bn\u00edm bankovn\u00edch retailov\u00fdch produkt\u016f a \u0159\u00edzen\u00edm pobo\u010dkov\u00e9 s\u00edt\u011b. Postupn\u011b jsem se dostal do st\u0159edn\u00edho managementu banky a m\u011bl vysok\u00e9 osobn\u00ed ambice\u2026\u00a0 Po prodeji spo\u0159itelny se v\u0161e zm\u011bnilo a s p\u0159\u00edchodem nov\u00e9ho vlastn\u00edka jsem byl po restrukturalizaci \u201eodejit\u201c. Tak u\u017e to chod\u00ed = velk\u00e1 \u017eivotn\u00ed lekce.<\/p><p style=\"text-align: left;\">Pot\u00e9 jsem nastoupil v \u010cesk\u00e9 poji\u0161\u0165ovn\u011b, kde jsem op\u011bt pracoval v produktov\u00e9m \u0159\u00edzen\u00ed, tentokr\u00e1t v oblasti \u017eivotn\u00edho a \u00farazov\u00e9ho poji\u0161t\u011bn\u00ed.\u00a0 Bylo to profesn\u011b velmi zaj\u00edmav\u00e9 obdob\u00ed, kdy jsem z\u00edskal hodn\u011b detailn\u00edch zku\u0161enost\u00ed v dan\u00e9 oblasti poji\u0161\u0165ovnictv\u00ed.<\/p><p style=\"text-align: left;\">Zde chci \u0159\u00edci, \u017ee ve spo\u0159iteln\u011b i v poji\u0161\u0165ovn\u011b jsem potkal hodn\u011b skv\u011bl\u00fdch lid\u00ed, kter\u00fdch si v\u00e1\u017e\u00edm a s nimi\u017e udr\u017euji st\u00e1le po mnoho let osobn\u00ed kontakty a mnoz\u00ed z nich jsou sou\u010dasn\u011b m\u00fdmi klienty. Alespo\u0148 touto cestou, zde, bych jim cht\u011bl t\u00edmto pod\u011bkovat.<\/p><p style=\"text-align: left;\">Po profesn\u00ed kari\u00e9\u0159e jako zam\u011bstnanec jsem si uv\u011bdomil, \u017ee chci d\u011blat n\u011bco jin\u00e9ho. Rozhodnul jsem se, \u017ee \u201ebudu\u201c finan\u010dn\u00ed poradce. Obe\u0161el jsem spole\u010dnosti, kter\u00e9 se v t\u00e9 dob\u011b prezentovaly jako spole\u010dnosti, kter\u00e9 nab\u00edz\u00ed kvalitn\u00ed finan\u010dn\u00ed poradenstv\u00ed. Nebyl jsem v\u0161ak spokojen, proto\u017ee v ka\u017ed\u00e9 spole\u010dnosti byly z r\u016fzn\u00fdch d\u016fvod\u016f up\u0159ednost\u0148ov\u00e1ny ur\u010dit\u00e9 finan\u010dn\u00ed spole\u010dnosti \u010di jejich produkty, kter\u00e9 p\u0159in\u00e1\u0161ely vy\u0161\u0161\u00ed profit poradensk\u00e9 spole\u010dnosti, ale z\u00e1jmy klient\u016f byly a\u017e druhotn\u00e9. No, a takto jsem \u201eporadenstv\u00ed\u201c tedy opravdu d\u011blat necht\u011bl.<\/p><p style=\"text-align: left;\">Shodou n\u00e1hod a souhry okolnost\u00ed jsem se sezn\u00e1mil s jednatelem nov\u00e9 spole\u010dnosti MAPOR, kter\u00e1 se zam\u011b\u0159ovala na \u010dinnost poji\u0161\u0165ovac\u00edho makl\u00e9\u0159e. Domluvili jsme se, \u017ee budu moci v r\u00e1mci t\u00e9to spole\u010dnosti d\u011blat krom\u011b poji\u0161\u0165ovnictv\u00ed tak\u00e9 finan\u010dn\u00ed poradenstv\u00ed v pln\u00e9 \u0161\u00ed\u0159i a dle sv\u00e9ho n\u00e1zoru \u201epoctiv\u011b\u201c. Od t\u00e9 doby jsem spojil sv\u016fj profesn\u00ed \u017eivot s touto spole\u010dnost\u00ed. A p\u0159i pohledu zp\u011bt mus\u00edm \u0159\u00edci, \u017ee to bylo velmi moudr\u00e9 a dlouhodob\u011b spr\u00e1vn\u00e9 rozhodnut\u00ed.<\/p><p style=\"text-align: left;\">Postupn\u011b jsem se dou\u010dil oblast ne\u017eivotn\u00edho poji\u0161t\u011bn\u00ed tak, abych jej mohl tak\u00e9 aktivn\u011b nab\u00edzet sv\u00fdm klient\u016fm a tvrdit, \u017ee d\u011bl\u00e1m pr\u00e1ci plnohodnotn\u00e9ho poji\u0161\u0165ovac\u00edho makl\u00e9\u0159e v oblasti ne\u017eivotn\u00edho i \u017eivotn\u00edho poji\u0161t\u011bn\u00ed.<\/p><p style=\"text-align: left;\">A op\u011bt zas\u00e1hla n\u00e1hoda. Na\u0161i spole\u010dnost MAPOR nav\u0161t\u00edvil v roce 2013 z\u00e1stupce tehdy nov\u011b vznikl\u00e9 spole\u010dnosti Golden Gate. Hned jak jsem vid\u011bl prezentovan\u00fd produkt = spo\u0159en\u00ed do investi\u010dn\u00edho zlata \u010di st\u0159\u00edbra, okam\u017eit\u011b jsem v\u011bd\u011bl, \u017ee to je p\u0159esn\u011b to, co mi chyb\u00ed v nab\u00eddce a co mi d\u00e1v\u00e1 velk\u00fd smysl doporu\u010dovat sv\u00fdm klient\u016fm.\u00a0 Do\u0161lo mi, \u017ee drah\u00e9 kovy ve fyzick\u00e9 podob\u011b zcela chyb\u00ed lidem v investi\u010dn\u00edm portfoliu.\u00a0 Nav\u00e1zan\u00e1 spolupr\u00e1ce s touto spole\u010dnost\u00ed se postupem doby uk\u00e1zala tak\u00e9 jako velmi proz\u00edrav\u00e9 a spr\u00e1vn\u00e9 rozhodnut\u00ed pro moji dal\u0161\u00ed profesn\u00ed \u010dinnost.<\/p><p style=\"text-align: left;\">Pro\u010d zde v\u0161e takto podrobn\u011b uv\u00e1d\u00edm? Je to proto, \u017ee V\u00e1m chci uk\u00e1zat, \u017ee V\u00e1m skute\u010dn\u011b mohu nab\u00eddnout kvalifikovan\u00e9 informace o r\u016fzn\u00fdch bankovn\u00edch i poji\u0161\u0165ovac\u00edch produktech, proto\u017ee v t\u011bchto oblastech m\u00e1m dlouholet\u00e9 zku\u0161enosti. \u017de m\u016f\u017eeme spole\u010dn\u011b v diskusi a p\u0159i posouzen\u00ed Va\u0161\u00ed konkr\u00e9tn\u00ed situace nal\u00e9zt vhodn\u00e1 \u0159e\u0161en\u00ed, kter\u00e1 budou pro V\u00e1s prosp\u011b\u0161n\u00e1.<\/p><p style=\"text-align: left;\">Nyn\u00ed jsem dosp\u011bl do profesn\u00ed etapy, kdy jsem se rozhodnul otev\u0159\u00edt vlastn\u00ed kancel\u00e1\u0159 a zam\u011b\u0159it svoji \u010dinnosti na ochranu \u00faspor a majetku V\u00e1s &#8211; m\u00fdch klient\u016f.\u00a0<\/p><p style=\"text-align: left;\">Majetek, kter\u00fd u\u017e m\u00e1te, je vhodn\u00e9 m\u00edt kvalitn\u011b poji\u0161t\u011bn. M\u00e1m p\u0159ehled o tom, jak\u00e1 poji\u0161\u0165ovna nab\u00edz\u00ed poji\u0161t\u011bn\u00ed, za jak\u00fdch podm\u00ednek a za jak\u00e9 pojistn\u00e9. Jako poji\u0161\u0165ovac\u00ed makl\u00e9\u0159 nejsem zam\u011bstnancem \u017e\u00e1dn\u00e9 z\u00a0poji\u0161\u0165oven, co\u017e je velk\u00e1 v\u00fdhoda. Mohu V\u00e1m pomoci v\u00a0p\u0159\u00edpad\u011b vzniku pojistn\u00e9 ud\u00e1losti.\u00a0 A to je moje druh\u00e1 velk\u00e1 p\u0159idan\u00e1 hodnota, kterou V\u00e1m t\u00edmto nab\u00edz\u00edm.<\/p><p style=\"text-align: left;\">Bohu\u017eel v\u00a0posledn\u00ed dob\u011b, d\u00edky sou\u010dasn\u00e9 neklidn\u00e9 politick\u00e9, ekonomick\u00e9, soci\u00e1ln\u00ed \u2026 situaci na\u0161\u00ed spole\u010dnosti se domn\u00edv\u00e1m, \u017ee je t\u0159eba zam\u011b\u0159it se v\u00edce ne\u017e p\u0159ed deseti lety na ochranu \u00faspor. Zam\u011b\u0159it se nikoliv na to, kolik m\u00e1te \u00faspor v\u00a0podob\u011b \u010d\u00edsel na n\u011bjak\u00e9m v\u00fdpisu (a je jedno, zda se jedn\u00e1 o pod\u00edlov\u00fd \u010di penzijn\u00ed fond, \u00fa\u010det v\u00a0bance nebo ve stavebn\u00ed spo\u0159iteln\u011b, n\u011bjak\u00fd dluhopis \u010di akcie) \u00a0&#8211; proto\u017ee to v\u0161e jsou v\u00a0podstat\u011b \u201eelektronick\u00e9\u201c pen\u00edze a sliby napsan\u00e9 na pap\u00edru. Nyn\u00ed byste se m\u011bli naopak zamyslet nad t\u00edm, jak sv\u00e9 \u00faspory p\u0159em\u011bnit v\u00a0n\u011bco, co m\u00e1 trvalou hodnotu, kterou m\u00e1te ve sv\u00e9 \u201ekapse\u201c a tedy jedin\u011b Vy jste \u201ep\u00e1nem sv\u00fdch \u00faspor\u201c. Jin\u00fdmi slovy, st\u00e1le plat\u00ed: \u201eCo je doma, to se po\u010d\u00edt\u00e1\u201c.<\/p><p style=\"text-align: left;\">M\u00fdm p\u0159\u00e1n\u00edm, c\u00edlem a viz\u00ed je = prov\u00e9st V\u00e1s \u2013 sv\u00e9 klienty \u2013 postupn\u011b jednotliv\u00fdmi ekonomick\u00fdmi cykly z pohledu ochrany \u00faspor. Tedy v\u011b\u0159\u00edm, \u017ee tak jak nyn\u00ed na V\u00e1s apeluji \u2013 ulo\u017ete podstatnou \u010d\u00e1st sv\u00fdch \u00faspor do komodit (investi\u010dn\u00edho zlata, st\u0159\u00edbra \u010di platiny). Stejn\u011b tak m\u016f\u017eete o\u010dek\u00e1vat, \u017ee za n\u011bkolik let za V\u00e1mi p\u0159ijdu s podn\u011btem \u2013 te\u010f je doba \u010d\u00e1st komodit prodat a naopak nakoupit akcie, dluhopisy, nemovitosti nebo t\u0159eba kryptom\u011bny. \u00a0<\/p><p style=\"text-align: left;\">To v\u0161e s c\u00edlem, abyste dosahovali dlouhodob\u011b uchov\u00e1n\u00ed hodnoty sv\u00fdch t\u011b\u017ece vyd\u011blan\u00fdch \u00faspor.\u00a0 A pokud to bude mo\u017en\u00e9, abyste se do\u010dkali i jejich zhodnocen\u00ed.<\/p><p style=\"text-align: left;\">M\u00fdmi partnery pro pln\u011bn\u00ed tohoto nelehk\u00e9ho c\u00edle jsou spole\u010dnost MAPOR spol. s r.o. \u2013 v\u00fdznamn\u00fd poji\u0161\u0165ovac\u00ed makl\u00e9\u0159, kter\u00fd je \u010dlenem nejv\u011bt\u0161\u00edho tuzemsk\u00e9ho uskupen\u00ed poji\u0161\u0165ovac\u00edch zprost\u0159edkovatel\u016f RENOMIA NETWORK \u00a0(<a href=\"http:\/\/www.mapor.cz\">www.mapor.cz<\/a>) a spole\u010dnost GOLDEN GATE CZ a.s. &#8211;\u00a0 leader \u010desk\u00e9ho trhu s\u00a0investi\u010dn\u00edmi drah\u00fdmi kovy (<a href=\"http:\/\/www.goldengate.cz\">www.goldengate.cz<\/a>).<\/p><p style=\"text-align: left;\">Pokud V\u00e1s n\u011bco z v\u00fd\u0161e uveden\u00e9ho zaujalo, budu velmi poct\u011bn, kdy\u017e mi zavol\u00e1te nebo mi nap\u00ed\u0161ete mail.\u00a0 M\u016f\u017eeme se spolu osobn\u011b setkat v m\u00e9 kancel\u00e1\u0159i v Beroun\u011b. Ale stejn\u011b tak se m\u016f\u017eeme potkat n\u011bkde jinde. A nebo \u2013 pozor, m\u016f\u017eeme si pov\u00eddat a vid\u011bt se prost\u0159ednictv\u00edm internetu (to jsem se nau\u010dil d\u00edky covidu).<\/p><p style=\"text-align: left;\">Pros\u00edm \u2013 kontaktujte mne a na dal\u0161\u00edm postupu se u\u017e domluv\u00edme.\u00a0\u00a0<\/p>\t\t\t\t\t\t<\/div>\n\t\t\t\t<\/div>\n\t\t\t\t\t<\/div>\n\t\t<\/div>\n\t\t\t\t\t\t\t<\/div>\n\t\t<\/section>\n\t\t\t\t<section class=\"elementor-section elementor-top-section elementor-element elementor-element-1a67638 elementor-section-stretched elementor-section-boxed elementor-section-height-default elementor-section-height-default\" data-id=\"1a67638\" data-element_type=\"section\" data-settings=\"{&quot;stretch_section&quot;:&quot;section-stretched&quot;}\">\n\t\t\t\t\t\t<div class=\"elementor-container elementor-column-gap-default\">\n\t\t\t\t\t<div class=\"elementor-column elementor-col-100 elementor-top-column elementor-element elementor-element-2ddcb76\" data-id=\"2ddcb76\" data-element_type=\"column\">\n\t\t\t<div class=\"elementor-widget-wrap elementor-element-populated\">\n\t\t\t\t\t\t\t\t<div class=\"elementor-element elementor-element-f165816 elementor-widget elementor-widget-shortcode\" data-id=\"f165816\" data-element_type=\"widget\" data-widget_type=\"shortcode.default\">\n\t\t\t\t<div class=\"elementor-widget-container\">\n\t\t\t\t\t<div class=\"elementor-shortcode\"><div role=\"form\" class=\"wpcf7\" id=\"wpcf7-f256-o1\" lang=\"cs-CZ\" dir=\"ltr\">\n<div class=\"screen-reader-response\"><p role=\"status\" aria-live=\"polite\" aria-atomic=\"true\"><\/p> <ul><\/ul><\/div>\n<form action=\"\/index.php?rest_route=%2Fwp%2Fv2%2Fpages%2F244#wpcf7-f256-o1\" method=\"post\" class=\"wpcf7-form init\" novalidate=\"novalidate\" data-status=\"init\">\n<div style=\"display: none;\">\n<input type=\"hidden\" name=\"_wpcf7\" value=\"256\" \/>\n<input type=\"hidden\" name=\"_wpcf7_version\" value=\"5.4.1\" \/>\n<input type=\"hidden\" name=\"_wpcf7_locale\" value=\"cs_CZ\" \/>\n<input type=\"hidden\" name=\"_wpcf7_unit_tag\" value=\"wpcf7-f256-o1\" \/>\n<input type=\"hidden\" name=\"_wpcf7_container_post\" value=\"0\" \/>\n<input type=\"hidden\" name=\"_wpcf7_posted_data_hash\" value=\"\" \/>\n<input type=\"hidden\" name=\"_wpcf7_recaptcha_response\" value=\"\" \/>\n<\/div>\n<p><label> Va\u0161e jm\u00e9no<br \/>\n    <span class=\"wpcf7-form-control-wrap your-name\"><input type=\"text\" name=\"your-name\" value=\"\" size=\"40\" class=\"wpcf7-form-control wpcf7-text wpcf7-validates-as-required\" aria-required=\"true\" aria-invalid=\"false\" \/><\/span> <\/label><\/p>\n<p><label> V\u00e1\u0161 e-mail<br \/>\n    <span class=\"wpcf7-form-control-wrap your-email\"><input type=\"email\" name=\"your-email\" value=\"\" size=\"40\" class=\"wpcf7-form-control wpcf7-text wpcf7-email wpcf7-validates-as-required wpcf7-validates-as-email\" aria-required=\"true\" aria-invalid=\"false\" \/><\/span> <\/label><\/p>\n<p><label> V\u00e1\u0161 telefon<br \/>\n<span class=\"wpcf7-form-control-wrap Telefon\"><input type=\"tel\" name=\"Telefon\" value=\"\" size=\"40\" class=\"wpcf7-form-control wpcf7-text wpcf7-tel wpcf7-validates-as-tel\" aria-invalid=\"false\" \/><\/span>  <\/label><\/p>\n<p><input type=\"submit\" value=\"Odeslat\" class=\"wpcf7-form-control wpcf7-submit\" \/><\/p>\n<p style=\"display: none !important;\" class=\"akismet-fields-container\" data-prefix=\"_wpcf7_ak_\"><label>&#916;<textarea name=\"_wpcf7_ak_hp_textarea\" cols=\"45\" rows=\"8\" maxlength=\"100\"><\/textarea><\/label><input type=\"hidden\" id=\"ak_js_1\" name=\"_wpcf7_ak_js\" value=\"82\"\/><script>document.getElementById( \"ak_js_1\" ).setAttribute( \"value\", ( new Date() ).getTime() );<\/script><\/p><div class=\"wpcf7-response-output\" aria-hidden=\"true\"><\/div><\/form><\/div><\/div>\n\t\t\t\t<\/div>\n\t\t\t\t<\/div>\n\t\t\t\t\t<\/div>\n\t\t<\/div>\n\t\t\t\t\t\t\t<\/div>\n\t\t<\/section>\n\t\t\t\t\t\t<\/div>\n\t\t\t\t\t<\/div>\n\t\t","protected":false},"excerpt":{"rendered":"<p>Ing. Jaroslav Mare\u0161 +420 737 059 707 mares@ochranauspor.cz Arnoltova 339, 266 01\u00a0 Beroun(u zast\u00e1vky \u201ePlze\u0148ka\u201c v Beroun\u011b)I\u010c: 153 71 247tel: 737 059 707mares@mapor.cz M\u016fj p\u0159\u00edb\u011bh Po studi\u00edch jsem nastoupil ve spo\u0159iteln\u011b (resp. \u010cesk\u00e9 st\u00e1tn\u00ed spo\u0159iteln\u011b).\u00a0 M\u011bl jsem to \u0161t\u011bst\u00ed, \u017ee jsem nastoupil na okresn\u00ed pobo\u010dku a doch\u00e1zelo k zav\u00e1d\u011bn\u00ed nov\u00fdch slu\u017eeb, kter\u00e9 byly pro spo\u0159itelnu [&hellip;]<\/p>\n","protected":false},"author":2,"featured_media":0,"parent":0,"menu_order":0,"comment_status":"closed","ping_status":"closed","template":"templates\/template-full-width.php","meta":{"footnotes":""},"class_list":["post-244","page","type-page","status-publish","hentry"],"_links":{"self":[{"href":"https:\/\/ochranauspor.cz\/index.php?rest_route=\/wp\/v2\/pages\/244","targetHints":{"allow":["GET"]}}],"collection":[{"href":"https:\/\/ochranauspor.cz\/index.php?rest_route=\/wp\/v2\/pages"}],"about":[{"href":"https:\/\/ochranauspor.cz\/index.php?rest_route=\/wp\/v2\/types\/page"}],"author":[{"embeddable":true,"href":"https:\/\/ochranauspor.cz\/index.php?rest_route=\/wp\/v2\/users\/2"}],"replies":[{"embeddable":true,"href":"https:\/\/ochranauspor.cz\/index.php?rest_route=%2Fwp%2Fv2%2Fcomments&post=244"}],"version-history":[{"count":109,"href":"https:\/\/ochranauspor.cz\/index.php?rest_route=\/wp\/v2\/pages\/244\/revisions"}],"predecessor-version":[{"id":619,"href":"https:\/\/ochranauspor.cz\/index.php?rest_route=\/wp\/v2\/pages\/244\/revisions\/619"}],"wp:attachment":[{"href":"https:\/\/ochranauspor.cz\/index.php?rest_route=%2Fwp%2Fv2%2Fmedia&parent=244"}],"curies":[{"name":"wp","href":"https:\/\/api.w.org\/{rel}","templated":true}]}}