{"id":274,"date":"2021-05-07T21:49:30","date_gmt":"2021-05-07T19:49:30","guid":{"rendered":"https:\/\/ochranauspor.cz\/?page_id=274"},"modified":"2021-05-07T22:37:07","modified_gmt":"2021-05-07T20:37:07","slug":"nabidka-spoluprace","status":"publish","type":"page","link":"https:\/\/ochranauspor.cz\/?page_id=274","title":{"rendered":"Pracujte se mnou"},"content":{"rendered":"\t\t<div data-elementor-type=\"wp-page\" data-elementor-id=\"274\" class=\"elementor elementor-274\" data-elementor-settings=\"[]\">\n\t\t\t\t\t\t\t<div class=\"elementor-section-wrap\">\n\t\t\t\t\t\t\t<section class=\"elementor-section elementor-top-section elementor-element elementor-element-8eb8dd3 elementor-section-stretched elementor-section-boxed elementor-section-height-default elementor-section-height-default\" data-id=\"8eb8dd3\" data-element_type=\"section\" data-settings=\"{&quot;stretch_section&quot;:&quot;section-stretched&quot;,&quot;background_background&quot;:&quot;classic&quot;}\">\n\t\t\t\t\t\t<div class=\"elementor-container elementor-column-gap-default\">\n\t\t\t\t\t<div class=\"elementor-column elementor-col-100 elementor-top-column elementor-element elementor-element-042faf9\" data-id=\"042faf9\" data-element_type=\"column\">\n\t\t\t<div class=\"elementor-widget-wrap elementor-element-populated\">\n\t\t\t\t\t\t\t\t<div class=\"elementor-element elementor-element-bb6aefc elementor-widget elementor-widget-text-editor\" data-id=\"bb6aefc\" data-element_type=\"widget\" data-widget_type=\"text-editor.default\">\n\t\t\t\t<div class=\"elementor-widget-container\">\n\t\t\t\t\t\t\t\t<p>M\u00e1m pro V\u00e1s nab\u00eddku spolupr\u00e1ce v\u00a0oblasti spo\u0159en\u00ed a p\u0159\u00edm\u00e9ho n\u00e1kupu komodit \u2013 investi\u010dn\u00edho zlata, st\u0159\u00edbra a platiny.<\/p><p>Vytv\u00e1\u0159\u00edm t\u00fdm schopn\u00fdch lid\u00ed, kte\u0159\u00ed vn\u00edmaj\u00ed smysl a d\u016fle\u017eitost t\u011bchto komodit v\u00a0zaji\u0161t\u011bn\u00ed \u00faspor.\u00a0<\/p><p>Hled\u00e1m lidi, kte\u0159\u00ed si cht\u011bj\u00ed plnit sv\u00e9 sny a jsou ochotni pro jejich napln\u011bn\u00ed ob\u011btovat sv\u016fj \u010das a pr\u00e1ci.\u00a0<\/p><p>Hled\u00e1m spolupracovn\u00edky, kte\u0159\u00ed jsou ochotni na sob\u011b pracovat, vzd\u011bl\u00e1vat se a b\u00fdt aktivn\u00ed.<\/p><p>Vytv\u00e1\u0159\u00edm t\u00fdm lid\u00ed, kte\u0159\u00ed si cht\u011bj\u00ed vyd\u011blat nadstandardn\u00ed p\u0159\u00edjmy a jsou ochotni vynalo\u017eit sv\u00e9 nadstandardn\u00ed pracovn\u00ed nasazen\u00ed (nic nen\u00ed zadarmo). \u00a0<\/p><p>Hled\u00e1m budouc\u00ed \u201ezemsk\u00e9 \u0159editele\u201c .\u00a0 Zn\u00ed to p\u011bkn\u011b, ale je za t\u00edm hodn\u011b pr\u00e1ce. Od reprezentanta postupn\u011b \u201ea\u017e na vrchol\u201c.\u00a0 Ale jako ka\u017ed\u00fd vrchol \u2013 stoj\u00ed za vynalo\u017eenou n\u00e1mahu. \u00a0<\/p><p>\u00a0Nen\u00ed nutn\u00e9, aby z\u00e1jemci o spolupr\u00e1ci byli z\u00a0oblasti financ\u00ed. Podstatn\u00e9 je, abyste byli ochotni na sob\u011b tvrd\u011b zapracovat, pe\u010dovat o sv\u00e9 potenci\u00e1ln\u00ed klienty, budovat sv\u016fj t\u00fdm a stav\u011bt svoji budoucnost spole\u010dn\u011b se mnou a s Golden Gate CZ a.s.<\/p><p>Hled\u00e1m spolupracovn\u00edky z\u00a0cel\u00e9 \u010cR.\u00a0\u00a0 \u00a0<\/p><p>Omlouv\u00e1m se, ale nemohu vz\u00edt do t\u00fdmu ka\u017ed\u00e9ho. Pe\u010dliv\u011b si vyb\u00edr\u00e1m sv\u00e9 spolupracovn\u00edky. Proto se nejd\u0159\u00edve mus\u00edme sezn\u00e1mit osobn\u011b. \u00a0A n\u00e1sledn\u011b se Vy i j\u00e1 rozhodneme, zda chceme spole\u010dn\u011b tvo\u0159it t\u00fdm.<\/p><p>A posledn\u00ed informace = nab\u00edz\u00edm V\u00e1m obchodn\u011b zaj\u00edmav\u00fd produkt, kter\u00fd je srozumiteln\u00fd a smyslupln\u00fd pro ka\u017ed\u00e9ho ob\u010dana \u010di firmu. A sou\u010dasn\u011b t\u00fdm sympatick\u00fdch lid\u00ed, kte\u0159\u00ed se vz\u00e1jemn\u011b podporuj\u00ed. V\u0161e je velmi dob\u0159e p\u0159ipraveno a m\u016f\u017eete to z\u00edskat jako \u201enaserv\u00edrovan\u00e9 na st\u0159\u00edbrn\u00e9m podnosu\u201c. \u00a0<\/p><p>Nev\u00e1hejte, jsou p\u0159\u00edle\u017eitosti, kter\u00e9 se neopakuj\u00ed.<\/p><p>V p\u0159\u00edpad\u011b z\u00e1jmu o sch\u016fzku pros\u00edm vypl\u0148te n\u00e1sleduj\u00edc\u00ed informace. Budu V\u00e1s obratem kontaktovat. Moc d\u011bkuji a t\u011b\u0161\u00edm se na osobn\u00ed sezn\u00e1men\u00ed se s V\u00e1mi.<\/p>\t\t\t\t\t\t<\/div>\n\t\t\t\t<\/div>\n\t\t\t\t\t<\/div>\n\t\t<\/div>\n\t\t\t\t\t\t\t<\/div>\n\t\t<\/section>\n\t\t\t\t<section class=\"elementor-section elementor-top-section elementor-element elementor-element-5979be1 elementor-section-stretched elementor-section-boxed elementor-section-height-default elementor-section-height-default\" data-id=\"5979be1\" data-element_type=\"section\" data-settings=\"{&quot;stretch_section&quot;:&quot;section-stretched&quot;}\">\n\t\t\t\t\t\t<div class=\"elementor-container elementor-column-gap-default\">\n\t\t\t\t\t<div class=\"elementor-column elementor-col-100 elementor-top-column elementor-element elementor-element-5773adf\" data-id=\"5773adf\" data-element_type=\"column\">\n\t\t\t<div class=\"elementor-widget-wrap elementor-element-populated\">\n\t\t\t\t\t\t\t\t<div class=\"elementor-element elementor-element-46bb029 elementor-invisible elementor-widget elementor-widget-shortcode\" data-id=\"46bb029\" data-element_type=\"widget\" data-settings=\"{&quot;_animation&quot;:&quot;swing&quot;}\" data-widget_type=\"shortcode.default\">\n\t\t\t\t<div class=\"elementor-widget-container\">\n\t\t\t\t\t<div class=\"elementor-shortcode\"><div role=\"form\" class=\"wpcf7\" id=\"wpcf7-f278-o1\" lang=\"cs-CZ\" dir=\"ltr\">\n<div class=\"screen-reader-response\"><p role=\"status\" aria-live=\"polite\" aria-atomic=\"true\"><\/p> <ul><\/ul><\/div>\n<form action=\"\/index.php?rest_route=%2Fwp%2Fv2%2Fpages%2F274#wpcf7-f278-o1\" method=\"post\" class=\"wpcf7-form init\" novalidate=\"novalidate\" data-status=\"init\">\n<div style=\"display: none;\">\n<input type=\"hidden\" name=\"_wpcf7\" value=\"278\" \/>\n<input type=\"hidden\" name=\"_wpcf7_version\" value=\"5.4.1\" \/>\n<input type=\"hidden\" name=\"_wpcf7_locale\" value=\"cs_CZ\" \/>\n<input type=\"hidden\" name=\"_wpcf7_unit_tag\" value=\"wpcf7-f278-o1\" \/>\n<input type=\"hidden\" name=\"_wpcf7_container_post\" value=\"0\" \/>\n<input type=\"hidden\" name=\"_wpcf7_posted_data_hash\" value=\"\" \/>\n<input type=\"hidden\" name=\"_wpcf7_recaptcha_response\" value=\"\" \/>\n<\/div>\n<p><label> Va\u0161e jm\u00e9no<br \/>\n    <span class=\"wpcf7-form-control-wrap your-name\"><input type=\"text\" name=\"your-name\" value=\"\" size=\"40\" class=\"wpcf7-form-control wpcf7-text wpcf7-validates-as-required\" aria-required=\"true\" aria-invalid=\"false\" \/><\/span> <\/label><\/p>\n<p><label> V\u00e1\u0161 e-mail<br \/>\n    <span class=\"wpcf7-form-control-wrap your-email\"><input type=\"email\" name=\"your-email\" value=\"\" size=\"40\" class=\"wpcf7-form-control wpcf7-text wpcf7-email wpcf7-validates-as-required wpcf7-validates-as-email\" aria-required=\"true\" aria-invalid=\"false\" \/><\/span> <\/label><\/p>\n<p><label> V\u00e1\u0161 telefon<br \/>\n<span class=\"wpcf7-form-control-wrap Telefon\"><input type=\"tel\" name=\"Telefon\" value=\"\" size=\"40\" class=\"wpcf7-form-control wpcf7-text wpcf7-tel wpcf7-validates-as-tel\" aria-invalid=\"false\" \/><\/span>  <\/label><\/p>\n<p><input type=\"submit\" value=\"Odeslat\" class=\"wpcf7-form-control wpcf7-submit\" \/><\/p>\n<p style=\"display: none !important;\" class=\"akismet-fields-container\" data-prefix=\"_wpcf7_ak_\"><label>&#916;<textarea name=\"_wpcf7_ak_hp_textarea\" cols=\"45\" rows=\"8\" maxlength=\"100\"><\/textarea><\/label><input type=\"hidden\" id=\"ak_js_1\" name=\"_wpcf7_ak_js\" value=\"118\"\/><script>document.getElementById( \"ak_js_1\" ).setAttribute( \"value\", ( new Date() ).getTime() );<\/script><\/p><div class=\"wpcf7-response-output\" aria-hidden=\"true\"><\/div><\/form><\/div><\/div>\n\t\t\t\t<\/div>\n\t\t\t\t<\/div>\n\t\t\t\t\t<\/div>\n\t\t<\/div>\n\t\t\t\t\t\t\t<\/div>\n\t\t<\/section>\n\t\t\t\t\t\t<\/div>\n\t\t\t\t\t<\/div>\n\t\t","protected":false},"excerpt":{"rendered":"<p>M\u00e1m pro V\u00e1s nab\u00eddku spolupr\u00e1ce v\u00a0oblasti spo\u0159en\u00ed a p\u0159\u00edm\u00e9ho n\u00e1kupu komodit \u2013 investi\u010dn\u00edho zlata, st\u0159\u00edbra a platiny. Vytv\u00e1\u0159\u00edm t\u00fdm schopn\u00fdch lid\u00ed, kte\u0159\u00ed vn\u00edmaj\u00ed smysl a d\u016fle\u017eitost t\u011bchto komodit v\u00a0zaji\u0161t\u011bn\u00ed \u00faspor.\u00a0 Hled\u00e1m lidi, kte\u0159\u00ed si cht\u011bj\u00ed plnit sv\u00e9 sny a jsou ochotni pro jejich napln\u011bn\u00ed ob\u011btovat sv\u016fj \u010das a pr\u00e1ci.\u00a0 Hled\u00e1m spolupracovn\u00edky, kte\u0159\u00ed jsou ochotni na [&hellip;]<\/p>\n","protected":false},"author":2,"featured_media":0,"parent":0,"menu_order":0,"comment_status":"closed","ping_status":"closed","template":"","meta":{"footnotes":""},"class_list":["post-274","page","type-page","status-publish","hentry"],"_links":{"self":[{"href":"https:\/\/ochranauspor.cz\/index.php?rest_route=\/wp\/v2\/pages\/274","targetHints":{"allow":["GET"]}}],"collection":[{"href":"https:\/\/ochranauspor.cz\/index.php?rest_route=\/wp\/v2\/pages"}],"about":[{"href":"https:\/\/ochranauspor.cz\/index.php?rest_route=\/wp\/v2\/types\/page"}],"author":[{"embeddable":true,"href":"https:\/\/ochranauspor.cz\/index.php?rest_route=\/wp\/v2\/users\/2"}],"replies":[{"embeddable":true,"href":"https:\/\/ochranauspor.cz\/index.php?rest_route=%2Fwp%2Fv2%2Fcomments&post=274"}],"version-history":[{"count":11,"href":"https:\/\/ochranauspor.cz\/index.php?rest_route=\/wp\/v2\/pages\/274\/revisions"}],"predecessor-version":[{"id":373,"href":"https:\/\/ochranauspor.cz\/index.php?rest_route=\/wp\/v2\/pages\/274\/revisions\/373"}],"wp:attachment":[{"href":"https:\/\/ochranauspor.cz\/index.php?rest_route=%2Fwp%2Fv2%2Fmedia&parent=274"}],"curies":[{"name":"wp","href":"https:\/\/api.w.org\/{rel}","templated":true}]}}